{"id":10397,"date":"2020-01-13T10:18:20","date_gmt":"2020-01-13T08:18:20","guid":{"rendered":"https:\/\/www.bioenergia.fi\/members\/"},"modified":"2026-01-14T08:54:28","modified_gmt":"2026-01-14T06:54:28","slug":"members","status":"publish","type":"page","link":"https:\/\/www.bioenergia.fi\/en\/members\/","title":{"rendered":"Members"},"content":{"rendered":"<p><div class=\"fusion-fullwidth fullwidth-box fusion-builder-row-1 fusion-parallax-none nonhundred-percent-fullwidth non-hundred-percent-height-scrolling\" style=\"--awb-border-radius-top-left:0px;--awb-border-radius-top-right:0px;--awb-border-radius-bottom-right:0px;--awb-border-radius-bottom-left:0px;--awb-padding-top:4%;--awb-padding-bottom:4%;--awb-background-image:linear-gradient(180deg, rgba(51,51,51,0.1) 0%,rgba(51,51,51,0.1) 100%),url(https:\/\/www.bioenergia.fi\/wp-content\/uploads\/2020\/01\/Bioenergia4.jpg);;--awb-background-size:cover;--awb-flex-wrap:wrap;\" ><div class=\"fusion-builder-row fusion-row\"><div class=\"fusion-layout-column fusion_builder_column fusion-builder-column-0 fusion_builder_column_1_1 1_1 fusion-one-full fusion-column-first fusion-column-last\" style=\"--awb-padding-top:8%;--awb-padding-bottom:8%;--awb-bg-size:cover;--awb-margin-top:0px;--awb-margin-bottom:0px;\"><div class=\"fusion-column-wrapper fusion-column-has-shadow fusion-flex-column-wrapper-legacy\"><div class=\"fusion-text fusion-text-1\"><h1 style=\"text-align: center;\"><span style=\"color: #ffffff;\">Members<\/span><\/h1>\n<\/div><div class=\"fusion-clearfix\"><\/div><\/div><\/div><\/div><\/div><div class=\"fusion-fullwidth fullwidth-box fusion-builder-row-2 has-pattern-background has-mask-background nonhundred-percent-fullwidth non-hundred-percent-height-scrolling\" style=\"--awb-border-radius-top-left:0px;--awb-border-radius-top-right:0px;--awb-border-radius-bottom-right:0px;--awb-border-radius-bottom-left:0px;--awb-padding-top:3%;--awb-padding-bottom:3%;--awb-margin-bottom:50px;--awb-flex-wrap:wrap;\" ><div class=\"fusion-builder-row fusion-row\"><div class=\"fusion-layout-column fusion_builder_column fusion-builder-column-1 fusion_builder_column_1_1 1_1 fusion-one-full fusion-column-first fusion-column-last\" style=\"--awb-bg-size:cover;\"><div class=\"fusion-column-wrapper fusion-column-has-shadow fusion-flex-column-wrapper-legacy\"><div class=\"fusion-text fusion-text-2\"><h2>Members<\/h2>\n<\/div><div class=\"fusion-sep-clear\"><\/div><div class=\"fusion-separator fusion-clearfix\" style=\"float:left;margin-bottom:10px;width:100%;max-width:175px;\"><\/div><div class=\"fusion-sep-clear\"><\/div><div class=\"fusion-clearfix\"><\/div><\/div><\/div><div class=\"fusion-layout-column fusion_builder_column fusion-builder-column-2 fusion_builder_column_1_3 1_3 fusion-one-third fusion-column-first\" style=\"--awb-bg-size:cover;width:33.3333333333%;width:calc(33.3333333333% - ( ( 5% + 5% ) * 0.333333333333 ) );margin-right: 5%;\"><div class=\"fusion-column-wrapper fusion-column-has-shadow fusion-flex-column-wrapper-legacy\"><div class=\"fusion-image-element in-legacy-container\" style=\"--awb-max-width:300px;--awb-caption-title-font-family:var(--h2_typography-font-family);--awb-caption-title-font-weight:var(--h2_typography-font-weight);--awb-caption-title-font-style:var(--h2_typography-font-style);--awb-caption-title-size:var(--h2_typography-font-size);--awb-caption-title-transform:var(--h2_typography-text-transform);--awb-caption-title-line-height:var(--h2_typography-line-height);--awb-caption-title-letter-spacing:var(--h2_typography-letter-spacing);\"><span class=\" fusion-imageframe imageframe-none imageframe-1 hover-type-none\" style=\"border-radius:100px 10px;\"><img decoding=\"async\" width=\"1819\" height=\"1363\" title=\"Bioenergiapaiva_2019_jasenet\" src=\"https:\/\/www.bioenergia.fi\/wp-content\/uploads\/2020\/02\/Bioenergiapaiva_2019_jasenet.jpg\" alt class=\"img-responsive wp-image-9003\" srcset=\"https:\/\/www.bioenergia.fi\/wp-content\/uploads\/2020\/02\/Bioenergiapaiva_2019_jasenet-200x150.jpg 200w, https:\/\/www.bioenergia.fi\/wp-content\/uploads\/2020\/02\/Bioenergiapaiva_2019_jasenet-400x300.jpg 400w, https:\/\/www.bioenergia.fi\/wp-content\/uploads\/2020\/02\/Bioenergiapaiva_2019_jasenet-600x450.jpg 600w, https:\/\/www.bioenergia.fi\/wp-content\/uploads\/2020\/02\/Bioenergiapaiva_2019_jasenet-800x599.jpg 800w, https:\/\/www.bioenergia.fi\/wp-content\/uploads\/2020\/02\/Bioenergiapaiva_2019_jasenet-1200x899.jpg 1200w, https:\/\/www.bioenergia.fi\/wp-content\/uploads\/2020\/02\/Bioenergiapaiva_2019_jasenet.jpg 1819w\" sizes=\"(max-width: 1024px) 100vw, 400px\" \/><\/span><\/div><div class=\"fusion-sep-clear\"><\/div><div class=\"fusion-separator fusion-full-width-sep\" style=\"margin-left: auto;margin-right: auto;margin-top:15px;margin-bottom:15px;width:100%;\"><\/div><div class=\"fusion-sep-clear\"><\/div><div class=\"fusion-text fusion-text-3\"><h3 style=\"text-align: left;\">Members<\/h3>\n<\/div><div class=\"fusion-text fusion-text-4\" style=\"--awb-text-transform:none;\"><p>The Bioenergy Association of Finland has 227 corporate and organizational members (1\/2026) representing every sector of bioenergy production.<\/p>\n<\/div><div class=\"fusion-sep-clear\"><\/div><div class=\"fusion-separator fusion-full-width-sep\" style=\"margin-left: auto;margin-right: auto;margin-top:15px;margin-bottom:15px;width:100%;\"><\/div><div class=\"fusion-sep-clear\"><\/div><div class=\"fusion-button-wrapper\"><a class=\"fusion-button button-flat fusion-button-default-size button-default fusion-button-default button-1 fusion-button-default-span fusion-button-default-type\" target=\"_self\" href=\"https:\/\/www.bioenergia.fi\/en\/members\/members\/\"><span class=\"fusion-button-text awb-button__text awb-button__text--default\">Members<\/span><\/a><\/div><div class=\"fusion-sep-clear\"><\/div><div class=\"fusion-separator fusion-full-width-sep\" style=\"margin-left: auto;margin-right: auto;margin-top:15px;margin-bottom:15px;width:100%;\"><\/div><div class=\"fusion-sep-clear\"><\/div><div class=\"fusion-clearfix\"><\/div><\/div><\/div><div class=\"fusion-layout-column fusion_builder_column fusion-builder-column-3 fusion_builder_column_1_3 1_3 fusion-one-third\" style=\"--awb-bg-size:cover;width:33.3333333333%;width:calc(33.3333333333% - ( ( 5% + 5% ) * 0.333333333333 ) );margin-right: 5%;\"><div class=\"fusion-column-wrapper fusion-column-has-shadow fusion-flex-column-wrapper-legacy\"><div class=\"fusion-image-element in-legacy-container\" style=\"--awb-max-width:300px;--awb-caption-title-font-family:var(--h2_typography-font-family);--awb-caption-title-font-weight:var(--h2_typography-font-weight);--awb-caption-title-font-style:var(--h2_typography-font-style);--awb-caption-title-size:var(--h2_typography-font-size);--awb-caption-title-transform:var(--h2_typography-text-transform);--awb-caption-title-line-height:var(--h2_typography-line-height);--awb-caption-title-letter-spacing:var(--h2_typography-letter-spacing);\"><span class=\" fusion-imageframe imageframe-none imageframe-2 hover-type-none\" style=\"border-radius:100px 10px;\"><img decoding=\"async\" width=\"1819\" height=\"1363\" title=\"Bioenergiapaiva_2019\" src=\"https:\/\/www.bioenergia.fi\/wp-content\/uploads\/2020\/02\/Bioenergiapa\u0308iva\u0308-2019-websize-1-.jpg\" alt class=\"img-responsive wp-image-9002\" srcset=\"https:\/\/www.bioenergia.fi\/wp-content\/uploads\/2020\/02\/Bioenergiapa\u0308iva\u0308-2019-websize-1--200x150.jpg 200w, https:\/\/www.bioenergia.fi\/wp-content\/uploads\/2020\/02\/Bioenergiapa\u0308iva\u0308-2019-websize-1--400x300.jpg 400w, https:\/\/www.bioenergia.fi\/wp-content\/uploads\/2020\/02\/Bioenergiapa\u0308iva\u0308-2019-websize-1--600x450.jpg 600w, https:\/\/www.bioenergia.fi\/wp-content\/uploads\/2020\/02\/Bioenergiapa\u0308iva\u0308-2019-websize-1--800x599.jpg 800w, https:\/\/www.bioenergia.fi\/wp-content\/uploads\/2020\/02\/Bioenergiapa\u0308iva\u0308-2019-websize-1--1200x899.jpg 1200w, https:\/\/www.bioenergia.fi\/wp-content\/uploads\/2020\/02\/Bioenergiapa\u0308iva\u0308-2019-websize-1-.jpg 1819w\" sizes=\"(max-width: 1024px) 100vw, 400px\" \/><\/span><\/div><div class=\"fusion-sep-clear\"><\/div><div class=\"fusion-separator fusion-full-width-sep\" style=\"margin-left: auto;margin-right: auto;margin-top:15px;margin-bottom:15px;width:100%;\"><\/div><div class=\"fusion-sep-clear\"><\/div><div class=\"fusion-text fusion-text-5\"><h3 style=\"text-align: left;\">Become a member<\/h3>\n<\/div><div class=\"fusion-text fusion-text-6\"><p>Bioenergia ry is dedicated to protecting the interests of its members and offering valuable services.<\/p>\n<\/div><div class=\"fusion-sep-clear\"><\/div><div class=\"fusion-separator fusion-full-width-sep\" style=\"margin-left: auto;margin-right: auto;margin-top:15px;margin-bottom:15px;width:100%;\"><\/div><div class=\"fusion-sep-clear\"><\/div><div class=\"fusion-button-wrapper\"><a class=\"fusion-button button-flat fusion-button-default-size button-default fusion-button-default button-2 fusion-button-default-span fusion-button-default-type\" target=\"_self\" href=\"https:\/\/www.bioenergia.fi\/en\/members\/become-a-member\/\"><span class=\"fusion-button-text awb-button__text awb-button__text--default\">Become a member<\/span><\/a><\/div><div class=\"fusion-sep-clear\"><\/div><div class=\"fusion-separator fusion-full-width-sep\" style=\"margin-left: auto;margin-right: auto;margin-top:15px;margin-bottom:15px;width:100%;\"><\/div><div class=\"fusion-sep-clear\"><\/div><div class=\"fusion-clearfix\"><\/div><\/div><\/div><div class=\"fusion-layout-column fusion_builder_column fusion-builder-column-4 fusion_builder_column_1_3 1_3 fusion-one-third fusion-column-last\" style=\"--awb-bg-size:cover;width:33.3333333333%;width:calc(33.3333333333% - ( ( 5% + 5% ) * 0.333333333333 ) );\"><div class=\"fusion-column-wrapper fusion-column-has-shadow fusion-flex-column-wrapper-legacy\"><div class=\"fusion-image-element in-legacy-container\" style=\"--awb-max-width:300px;--awb-caption-title-font-family:var(--h2_typography-font-family);--awb-caption-title-font-weight:var(--h2_typography-font-weight);--awb-caption-title-font-style:var(--h2_typography-font-style);--awb-caption-title-size:var(--h2_typography-font-size);--awb-caption-title-transform:var(--h2_typography-text-transform);--awb-caption-title-line-height:var(--h2_typography-line-height);--awb-caption-title-letter-spacing:var(--h2_typography-letter-spacing);\"><span class=\" fusion-imageframe imageframe-none imageframe-3 hover-type-none\" style=\"border-radius:100px 10px;\"><img decoding=\"async\" width=\"557\" height=\"417\" title=\"Jasenmateriaalit\" src=\"https:\/\/www.bioenergia.fi\/wp-content\/uploads\/2020\/03\/Jasenmateriaalit-1.jpg\" alt class=\"img-responsive wp-image-9113\" srcset=\"https:\/\/www.bioenergia.fi\/wp-content\/uploads\/2020\/03\/Jasenmateriaalit-1-200x150.jpg 200w, https:\/\/www.bioenergia.fi\/wp-content\/uploads\/2020\/03\/Jasenmateriaalit-1-400x299.jpg 400w, https:\/\/www.bioenergia.fi\/wp-content\/uploads\/2020\/03\/Jasenmateriaalit-1.jpg 557w\" sizes=\"(max-width: 1024px) 100vw, 400px\" \/><\/span><\/div><div class=\"fusion-sep-clear\"><\/div><div class=\"fusion-separator fusion-full-width-sep\" style=\"margin-left: auto;margin-right: auto;margin-top:15px;margin-bottom:15px;width:100%;\"><\/div><div class=\"fusion-sep-clear\"><\/div><div class=\"fusion-text fusion-text-7\"><h3 style=\"text-align: left;\">Membership materials<\/h3>\n<\/div><div class=\"fusion-text fusion-text-8\"><p>On the member pages, you will find materials intended for organizational members.<\/p>\n<\/div><div class=\"fusion-sep-clear\"><\/div><div class=\"fusion-separator fusion-full-width-sep\" style=\"margin-left: auto;margin-right: auto;margin-top:15px;margin-bottom:15px;width:100%;\"><\/div><div class=\"fusion-sep-clear\"><\/div><div class=\"fusion-button-wrapper\"><a class=\"fusion-button button-flat fusion-button-default-size button-default fusion-button-default button-3 fusion-button-default-span fusion-button-default-type\" target=\"_self\" href=\"https:\/\/www.bioenergia.fi\/en\/members\/membership-materials\/\"><span class=\"fusion-button-text awb-button__text awb-button__text--default\">Log in to membership materials<\/span><\/a><\/div><div class=\"fusion-sep-clear\"><\/div><div class=\"fusion-separator fusion-full-width-sep\" style=\"margin-left: auto;margin-right: auto;margin-top:15px;margin-bottom:15px;width:100%;\"><\/div><div class=\"fusion-sep-clear\"><\/div><div class=\"fusion-clearfix\"><\/div><\/div><\/div><\/div><\/div><\/p>\n","protected":false},"excerpt":{"rendered":"","protected":false},"author":1,"featured_media":0,"parent":0,"menu_order":0,"comment_status":"closed","ping_status":"closed","template":"100-width.php","meta":{"footnotes":""},"class_list":["post-10397","page","type-page","status-publish","hentry"],"yoast_head":"<!-- This site is optimized with the Yoast SEO plugin v27.0 - https:\/\/yoast.com\/product\/yoast-seo-wordpress\/ -->\n<title>Members &#8211; Bioenergia ry<\/title>\n<meta name=\"description\" content=\"Bioenergia ry:n j\u00e4senen\u00e4 saat j\u00e4senetuja ja -palveluita. J\u00e4seneksi voi liitty\u00e4 yhteis\u00f6j\u00e4sen tai toimialasta kiinnostunut yksityishenkil\u00f6. Lue lis\u00e4\u00e4!\" \/>\n<meta name=\"robots\" content=\"index, follow, max-snippet:-1, max-image-preview:large, max-video-preview:-1\" \/>\n<link rel=\"canonical\" href=\"https:\/\/www.bioenergia.fi\/en\/members\/\" \/>\n<meta property=\"og:locale\" content=\"en_US\" \/>\n<meta property=\"og:type\" content=\"article\" \/>\n<meta property=\"og:title\" content=\"Members &#8211; Bioenergia ry\" \/>\n<meta property=\"og:description\" content=\"Bioenergia ry:n j\u00e4senen\u00e4 saat j\u00e4senetuja ja -palveluita. J\u00e4seneksi voi liitty\u00e4 yhteis\u00f6j\u00e4sen tai toimialasta kiinnostunut yksityishenkil\u00f6. Lue lis\u00e4\u00e4!\" \/>\n<meta property=\"og:url\" content=\"https:\/\/www.bioenergia.fi\/en\/members\/\" \/>\n<meta property=\"og:site_name\" content=\"Bioenergia ry\" \/>\n<meta property=\"article:modified_time\" content=\"2026-01-14T06:54:28+00:00\" \/>\n<meta property=\"og:image\" content=\"https:\/\/www.bioenergia.fi\/wp-content\/uploads\/2020\/01\/Bioenergia3.jpg\" \/>\n\t<meta property=\"og:image:width\" content=\"1920\" \/>\n\t<meta property=\"og:image:height\" content=\"1080\" \/>\n\t<meta property=\"og:image:type\" content=\"image\/jpeg\" \/>\n<meta name=\"twitter:card\" content=\"summary_large_image\" \/>\n<meta name=\"twitter:label1\" content=\"Est. reading time\" \/>\n\t<meta name=\"twitter:data1\" content=\"1 minute\" \/>\n<script type=\"application\/ld+json\" class=\"yoast-schema-graph\">{\"@context\":\"https:\/\/schema.org\",\"@graph\":[{\"@type\":\"WebPage\",\"@id\":\"https:\/\/www.bioenergia.fi\/en\/members\/\",\"url\":\"https:\/\/www.bioenergia.fi\/en\/members\/\",\"name\":\"Members &#8211; Bioenergia ry\",\"isPartOf\":{\"@id\":\"https:\/\/www.bioenergia.fi\/#website\"},\"datePublished\":\"2020-01-13T08:18:20+00:00\",\"dateModified\":\"2026-01-14T06:54:28+00:00\",\"description\":\"Bioenergia ry:n j\u00e4senen\u00e4 saat j\u00e4senetuja ja -palveluita. J\u00e4seneksi voi liitty\u00e4 yhteis\u00f6j\u00e4sen tai toimialasta kiinnostunut yksityishenkil\u00f6. Lue lis\u00e4\u00e4!\",\"breadcrumb\":{\"@id\":\"https:\/\/www.bioenergia.fi\/en\/members\/#breadcrumb\"},\"inLanguage\":\"en-US\",\"potentialAction\":[{\"@type\":\"ReadAction\",\"target\":[\"https:\/\/www.bioenergia.fi\/en\/members\/\"]}]},{\"@type\":\"BreadcrumbList\",\"@id\":\"https:\/\/www.bioenergia.fi\/en\/members\/#breadcrumb\",\"itemListElement\":[{\"@type\":\"ListItem\",\"position\":1,\"name\":\"Home\",\"item\":\"https:\/\/www.bioenergia.fi\/en\/\"},{\"@type\":\"ListItem\",\"position\":2,\"name\":\"Members\"}]},{\"@type\":\"WebSite\",\"@id\":\"https:\/\/www.bioenergia.fi\/#website\",\"url\":\"https:\/\/www.bioenergia.fi\/\",\"name\":\"Bioenergia ry\",\"description\":\"Luonnonenergiaa Suomesta\",\"publisher\":{\"@id\":\"https:\/\/www.bioenergia.fi\/#organization\"},\"potentialAction\":[{\"@type\":\"SearchAction\",\"target\":{\"@type\":\"EntryPoint\",\"urlTemplate\":\"https:\/\/www.bioenergia.fi\/?s={search_term_string}\"},\"query-input\":{\"@type\":\"PropertyValueSpecification\",\"valueRequired\":true,\"valueName\":\"search_term_string\"}}],\"inLanguage\":\"en-US\"},{\"@type\":\"Organization\",\"@id\":\"https:\/\/www.bioenergia.fi\/#organization\",\"name\":\"Bioenergia ry\",\"url\":\"https:\/\/www.bioenergia.fi\/\",\"logo\":{\"@type\":\"ImageObject\",\"inLanguage\":\"en-US\",\"@id\":\"https:\/\/www.bioenergia.fi\/#\/schema\/logo\/image\/\",\"url\":\"https:\/\/www.bioenergia.fi\/wp-content\/uploads\/2020\/01\/Bioenergia-logo-400.png\",\"contentUrl\":\"https:\/\/www.bioenergia.fi\/wp-content\/uploads\/2020\/01\/Bioenergia-logo-400.png\",\"width\":400,\"height\":85,\"caption\":\"Bioenergia ry\"},\"image\":{\"@id\":\"https:\/\/www.bioenergia.fi\/#\/schema\/logo\/image\/\"}}]}<\/script>\n<!-- \/ Yoast SEO plugin. -->","yoast_head_json":{"title":"Members &#8211; Bioenergia ry","description":"Bioenergia ry:n j\u00e4senen\u00e4 saat j\u00e4senetuja ja -palveluita. J\u00e4seneksi voi liitty\u00e4 yhteis\u00f6j\u00e4sen tai toimialasta kiinnostunut yksityishenkil\u00f6. Lue lis\u00e4\u00e4!","robots":{"index":"index","follow":"follow","max-snippet":"max-snippet:-1","max-image-preview":"max-image-preview:large","max-video-preview":"max-video-preview:-1"},"canonical":"https:\/\/www.bioenergia.fi\/en\/members\/","og_locale":"en_US","og_type":"article","og_title":"Members &#8211; Bioenergia ry","og_description":"Bioenergia ry:n j\u00e4senen\u00e4 saat j\u00e4senetuja ja -palveluita. J\u00e4seneksi voi liitty\u00e4 yhteis\u00f6j\u00e4sen tai toimialasta kiinnostunut yksityishenkil\u00f6. Lue lis\u00e4\u00e4!","og_url":"https:\/\/www.bioenergia.fi\/en\/members\/","og_site_name":"Bioenergia ry","article_modified_time":"2026-01-14T06:54:28+00:00","og_image":[{"width":1920,"height":1080,"url":"https:\/\/www.bioenergia.fi\/wp-content\/uploads\/2020\/01\/Bioenergia3.jpg","type":"image\/jpeg"}],"twitter_card":"summary_large_image","twitter_misc":{"Est. reading time":"1 minute"},"schema":{"@context":"https:\/\/schema.org","@graph":[{"@type":"WebPage","@id":"https:\/\/www.bioenergia.fi\/en\/members\/","url":"https:\/\/www.bioenergia.fi\/en\/members\/","name":"Members &#8211; Bioenergia ry","isPartOf":{"@id":"https:\/\/www.bioenergia.fi\/#website"},"datePublished":"2020-01-13T08:18:20+00:00","dateModified":"2026-01-14T06:54:28+00:00","description":"Bioenergia ry:n j\u00e4senen\u00e4 saat j\u00e4senetuja ja -palveluita. J\u00e4seneksi voi liitty\u00e4 yhteis\u00f6j\u00e4sen tai toimialasta kiinnostunut yksityishenkil\u00f6. Lue lis\u00e4\u00e4!","breadcrumb":{"@id":"https:\/\/www.bioenergia.fi\/en\/members\/#breadcrumb"},"inLanguage":"en-US","potentialAction":[{"@type":"ReadAction","target":["https:\/\/www.bioenergia.fi\/en\/members\/"]}]},{"@type":"BreadcrumbList","@id":"https:\/\/www.bioenergia.fi\/en\/members\/#breadcrumb","itemListElement":[{"@type":"ListItem","position":1,"name":"Home","item":"https:\/\/www.bioenergia.fi\/en\/"},{"@type":"ListItem","position":2,"name":"Members"}]},{"@type":"WebSite","@id":"https:\/\/www.bioenergia.fi\/#website","url":"https:\/\/www.bioenergia.fi\/","name":"Bioenergia ry","description":"Luonnonenergiaa Suomesta","publisher":{"@id":"https:\/\/www.bioenergia.fi\/#organization"},"potentialAction":[{"@type":"SearchAction","target":{"@type":"EntryPoint","urlTemplate":"https:\/\/www.bioenergia.fi\/?s={search_term_string}"},"query-input":{"@type":"PropertyValueSpecification","valueRequired":true,"valueName":"search_term_string"}}],"inLanguage":"en-US"},{"@type":"Organization","@id":"https:\/\/www.bioenergia.fi\/#organization","name":"Bioenergia ry","url":"https:\/\/www.bioenergia.fi\/","logo":{"@type":"ImageObject","inLanguage":"en-US","@id":"https:\/\/www.bioenergia.fi\/#\/schema\/logo\/image\/","url":"https:\/\/www.bioenergia.fi\/wp-content\/uploads\/2020\/01\/Bioenergia-logo-400.png","contentUrl":"https:\/\/www.bioenergia.fi\/wp-content\/uploads\/2020\/01\/Bioenergia-logo-400.png","width":400,"height":85,"caption":"Bioenergia ry"},"image":{"@id":"https:\/\/www.bioenergia.fi\/#\/schema\/logo\/image\/"}}]}},"_links":{"self":[{"href":"https:\/\/www.bioenergia.fi\/en\/wp-json\/wp\/v2\/pages\/10397","targetHints":{"allow":["GET"]}}],"collection":[{"href":"https:\/\/www.bioenergia.fi\/en\/wp-json\/wp\/v2\/pages"}],"about":[{"href":"https:\/\/www.bioenergia.fi\/en\/wp-json\/wp\/v2\/types\/page"}],"author":[{"embeddable":true,"href":"https:\/\/www.bioenergia.fi\/en\/wp-json\/wp\/v2\/users\/1"}],"replies":[{"embeddable":true,"href":"https:\/\/www.bioenergia.fi\/en\/wp-json\/wp\/v2\/comments?post=10397"}],"version-history":[{"count":11,"href":"https:\/\/www.bioenergia.fi\/en\/wp-json\/wp\/v2\/pages\/10397\/revisions"}],"predecessor-version":[{"id":13299,"href":"https:\/\/www.bioenergia.fi\/en\/wp-json\/wp\/v2\/pages\/10397\/revisions\/13299"}],"wp:attachment":[{"href":"https:\/\/www.bioenergia.fi\/en\/wp-json\/wp\/v2\/media?parent=10397"}],"curies":[{"name":"wp","href":"https:\/\/api.w.org\/{rel}","templated":true}]}}